{"id":7977,"date":"2017-05-24T14:39:06","date_gmt":"2017-05-24T18:39:06","guid":{"rendered":"https:\/\/objectivefinancialpartners.com\/paraplanning-et-planification-financiere-externalisee\/"},"modified":"2026-01-20T23:37:11","modified_gmt":"2026-01-21T04:37:11","slug":"paraplanning-et-planification-financiere-externalisee","status":"publish","type":"page","link":"https:\/\/objectivefinancialpartners.com\/fr\/nos-services\/paraplanning-et-planification-financiere-externalisee\/","title":{"rendered":"Soutien \u00e0 la planification financi\u00e8re (paraplanification) et planification financi\u00e8re externalis\u00e9e"},"content":{"rendered":"","protected":false},"excerpt":{"rendered":"","protected":false},"author":16,"featured_media":0,"parent":8003,"menu_order":0,"comment_status":"closed","ping_status":"closed","template":"","meta":{"inline_featured_image":false,"footnotes":""},"class_list":["post-7977","page","type-page","status-publish","hentry"],"yoast_head":"<!-- This site is optimized with the Yoast SEO plugin v27.3 - https:\/\/yoast.com\/product\/yoast-seo-wordpress\/ -->\n<title>Soutien \u00e0 la planification financi\u00e8re (paraplanification) et planification financi\u00e8re externalis\u00e9e - Objective Financial Partners<\/title>\n<meta name=\"description\" content=\"Financial, tax and estate planning can be difficult and intimidating at the best of times. The terminology may seem complex and the options may appear complicated.\" \/>\n<meta name=\"robots\" content=\"index, follow, max-snippet:-1, max-image-preview:large, max-video-preview:-1\" \/>\n<link rel=\"canonical\" href=\"https:\/\/objectivefinancialpartners.com\/fr\/nos-services\/paraplanning-et-planification-financiere-externalisee\/\" \/>\n<meta property=\"og:locale\" content=\"fr_CA\" \/>\n<meta property=\"og:type\" content=\"article\" \/>\n<meta property=\"og:title\" content=\"Soutien \u00e0 la planification financi\u00e8re (paraplanification) et planification financi\u00e8re externalis\u00e9e - Objective Financial Partners\" \/>\n<meta property=\"og:description\" content=\"Financial, tax and estate planning can be difficult and intimidating at the best of times. The terminology may seem complex and the options may appear complicated.\" \/>\n<meta property=\"og:url\" content=\"https:\/\/objectivefinancialpartners.com\/fr\/nos-services\/paraplanning-et-planification-financiere-externalisee\/\" \/>\n<meta property=\"og:site_name\" content=\"Objective Financial Partners\" \/>\n<meta property=\"article:publisher\" content=\"https:\/\/www.facebook.com\/ObjectiveFinancialPartners\/\" \/>\n<meta property=\"article:modified_time\" content=\"2026-01-21T04:37:11+00:00\" \/>\n<script type=\"application\/ld+json\" class=\"yoast-schema-graph\">{\"@context\":\"https:\\\/\\\/schema.org\",\"@graph\":[{\"@type\":\"WebPage\",\"@id\":\"https:\\\/\\\/objectivefinancialpartners.com\\\/fr\\\/nos-services\\\/paraplanning-et-planification-financiere-externalisee\\\/\",\"url\":\"https:\\\/\\\/objectivefinancialpartners.com\\\/fr\\\/nos-services\\\/paraplanning-et-planification-financiere-externalisee\\\/\",\"name\":\"Soutien \u00e0 la planification financi\u00e8re (paraplanification) et planification financi\u00e8re externalis\u00e9e - Objective Financial Partners\",\"isPartOf\":{\"@id\":\"https:\\\/\\\/objectivefinancialpartners.com\\\/fr\\\/#website\"},\"datePublished\":\"2017-05-24T18:39:06+00:00\",\"dateModified\":\"2026-01-21T04:37:11+00:00\",\"description\":\"Financial, tax and estate planning can be difficult and intimidating at the best of times. The terminology may seem complex and the options may appear complicated.\",\"breadcrumb\":{\"@id\":\"https:\\\/\\\/objectivefinancialpartners.com\\\/fr\\\/nos-services\\\/paraplanning-et-planification-financiere-externalisee\\\/#breadcrumb\"},\"inLanguage\":\"fr-CA\",\"potentialAction\":[{\"@type\":\"ReadAction\",\"target\":[\"https:\\\/\\\/objectivefinancialpartners.com\\\/fr\\\/nos-services\\\/paraplanning-et-planification-financiere-externalisee\\\/\"]}]},{\"@type\":\"BreadcrumbList\",\"@id\":\"https:\\\/\\\/objectivefinancialpartners.com\\\/fr\\\/nos-services\\\/paraplanning-et-planification-financiere-externalisee\\\/#breadcrumb\",\"itemListElement\":[{\"@type\":\"ListItem\",\"position\":1,\"name\":\"Home\",\"item\":\"https:\\\/\\\/objectivefinancialpartners.com\\\/fr\\\/?page_id=7248\"},{\"@type\":\"ListItem\",\"position\":2,\"name\":\"Nos services\",\"item\":\"https:\\\/\\\/objectivefinancialpartners.com\\\/fr\\\/nos-services\\\/\"},{\"@type\":\"ListItem\",\"position\":3,\"name\":\"Soutien \u00e0 la planification financi\u00e8re (paraplanification) et planification financi\u00e8re externalis\u00e9e\"}]},{\"@type\":\"WebSite\",\"@id\":\"https:\\\/\\\/objectivefinancialpartners.com\\\/fr\\\/#website\",\"url\":\"https:\\\/\\\/objectivefinancialpartners.com\\\/fr\\\/\",\"name\":\"Objective Financial Partners\",\"description\":\"Fee-Only, Advice-Only Financial Planning\",\"publisher\":{\"@id\":\"https:\\\/\\\/objectivefinancialpartners.com\\\/fr\\\/#organization\"},\"potentialAction\":[{\"@type\":\"SearchAction\",\"target\":{\"@type\":\"EntryPoint\",\"urlTemplate\":\"https:\\\/\\\/objectivefinancialpartners.com\\\/fr\\\/?s={search_term_string}\"},\"query-input\":{\"@type\":\"PropertyValueSpecification\",\"valueRequired\":true,\"valueName\":\"search_term_string\"}}],\"inLanguage\":\"fr-CA\"},{\"@type\":\"Organization\",\"@id\":\"https:\\\/\\\/objectivefinancialpartners.com\\\/fr\\\/#organization\",\"name\":\"Objective Financial Partners\",\"url\":\"https:\\\/\\\/objectivefinancialpartners.com\\\/fr\\\/\",\"logo\":{\"@type\":\"ImageObject\",\"inLanguage\":\"fr-CA\",\"@id\":\"https:\\\/\\\/objectivefinancialpartners.com\\\/fr\\\/#\\\/schema\\\/logo\\\/image\\\/\",\"url\":\"https:\\\/\\\/i0.wp.com\\\/objectivefinancialpartners.com\\\/wp-content\\\/uploads\\\/2022\\\/03\\\/OFP-Logo-hero.png?fit=500%2C250&ssl=1\",\"contentUrl\":\"https:\\\/\\\/i0.wp.com\\\/objectivefinancialpartners.com\\\/wp-content\\\/uploads\\\/2022\\\/03\\\/OFP-Logo-hero.png?fit=500%2C250&ssl=1\",\"width\":500,\"height\":250,\"caption\":\"Objective Financial Partners\"},\"image\":{\"@id\":\"https:\\\/\\\/objectivefinancialpartners.com\\\/fr\\\/#\\\/schema\\\/logo\\\/image\\\/\"},\"sameAs\":[\"https:\\\/\\\/www.facebook.com\\\/ObjectiveFinancialPartners\\\/\",\"https:\\\/\\\/www.linkedin.com\\\/company\\\/objective-financial-partners-inc-\\\/\"]}]}<\/script>\n<!-- \/ Yoast SEO plugin. -->","yoast_head_json":{"title":"Soutien \u00e0 la planification financi\u00e8re (paraplanification) et planification financi\u00e8re externalis\u00e9e - Objective Financial Partners","description":"Financial, tax and estate planning can be difficult and intimidating at the best of times. The terminology may seem complex and the options may appear complicated.","robots":{"index":"index","follow":"follow","max-snippet":"max-snippet:-1","max-image-preview":"max-image-preview:large","max-video-preview":"max-video-preview:-1"},"canonical":"https:\/\/objectivefinancialpartners.com\/fr\/nos-services\/paraplanning-et-planification-financiere-externalisee\/","og_locale":"fr_CA","og_type":"article","og_title":"Soutien \u00e0 la planification financi\u00e8re (paraplanification) et planification financi\u00e8re externalis\u00e9e - Objective Financial Partners","og_description":"Financial, tax and estate planning can be difficult and intimidating at the best of times. The terminology may seem complex and the options may appear complicated.","og_url":"https:\/\/objectivefinancialpartners.com\/fr\/nos-services\/paraplanning-et-planification-financiere-externalisee\/","og_site_name":"Objective Financial Partners","article_publisher":"https:\/\/www.facebook.com\/ObjectiveFinancialPartners\/","article_modified_time":"2026-01-21T04:37:11+00:00","schema":{"@context":"https:\/\/schema.org","@graph":[{"@type":"WebPage","@id":"https:\/\/objectivefinancialpartners.com\/fr\/nos-services\/paraplanning-et-planification-financiere-externalisee\/","url":"https:\/\/objectivefinancialpartners.com\/fr\/nos-services\/paraplanning-et-planification-financiere-externalisee\/","name":"Soutien \u00e0 la planification financi\u00e8re (paraplanification) et planification financi\u00e8re externalis\u00e9e - Objective Financial Partners","isPartOf":{"@id":"https:\/\/objectivefinancialpartners.com\/fr\/#website"},"datePublished":"2017-05-24T18:39:06+00:00","dateModified":"2026-01-21T04:37:11+00:00","description":"Financial, tax and estate planning can be difficult and intimidating at the best of times. The terminology may seem complex and the options may appear complicated.","breadcrumb":{"@id":"https:\/\/objectivefinancialpartners.com\/fr\/nos-services\/paraplanning-et-planification-financiere-externalisee\/#breadcrumb"},"inLanguage":"fr-CA","potentialAction":[{"@type":"ReadAction","target":["https:\/\/objectivefinancialpartners.com\/fr\/nos-services\/paraplanning-et-planification-financiere-externalisee\/"]}]},{"@type":"BreadcrumbList","@id":"https:\/\/objectivefinancialpartners.com\/fr\/nos-services\/paraplanning-et-planification-financiere-externalisee\/#breadcrumb","itemListElement":[{"@type":"ListItem","position":1,"name":"Home","item":"https:\/\/objectivefinancialpartners.com\/fr\/?page_id=7248"},{"@type":"ListItem","position":2,"name":"Nos services","item":"https:\/\/objectivefinancialpartners.com\/fr\/nos-services\/"},{"@type":"ListItem","position":3,"name":"Soutien \u00e0 la planification financi\u00e8re (paraplanification) et planification financi\u00e8re externalis\u00e9e"}]},{"@type":"WebSite","@id":"https:\/\/objectivefinancialpartners.com\/fr\/#website","url":"https:\/\/objectivefinancialpartners.com\/fr\/","name":"Objective Financial Partners","description":"Fee-Only, Advice-Only Financial Planning","publisher":{"@id":"https:\/\/objectivefinancialpartners.com\/fr\/#organization"},"potentialAction":[{"@type":"SearchAction","target":{"@type":"EntryPoint","urlTemplate":"https:\/\/objectivefinancialpartners.com\/fr\/?s={search_term_string}"},"query-input":{"@type":"PropertyValueSpecification","valueRequired":true,"valueName":"search_term_string"}}],"inLanguage":"fr-CA"},{"@type":"Organization","@id":"https:\/\/objectivefinancialpartners.com\/fr\/#organization","name":"Objective Financial Partners","url":"https:\/\/objectivefinancialpartners.com\/fr\/","logo":{"@type":"ImageObject","inLanguage":"fr-CA","@id":"https:\/\/objectivefinancialpartners.com\/fr\/#\/schema\/logo\/image\/","url":"https:\/\/i0.wp.com\/objectivefinancialpartners.com\/wp-content\/uploads\/2022\/03\/OFP-Logo-hero.png?fit=500%2C250&ssl=1","contentUrl":"https:\/\/i0.wp.com\/objectivefinancialpartners.com\/wp-content\/uploads\/2022\/03\/OFP-Logo-hero.png?fit=500%2C250&ssl=1","width":500,"height":250,"caption":"Objective Financial Partners"},"image":{"@id":"https:\/\/objectivefinancialpartners.com\/fr\/#\/schema\/logo\/image\/"},"sameAs":["https:\/\/www.facebook.com\/ObjectiveFinancialPartners\/","https:\/\/www.linkedin.com\/company\/objective-financial-partners-inc-\/"]}]}},"_links":{"self":[{"href":"https:\/\/objectivefinancialpartners.com\/fr\/wp-json\/wp\/v2\/pages\/7977","targetHints":{"allow":["GET"]}}],"collection":[{"href":"https:\/\/objectivefinancialpartners.com\/fr\/wp-json\/wp\/v2\/pages"}],"about":[{"href":"https:\/\/objectivefinancialpartners.com\/fr\/wp-json\/wp\/v2\/types\/page"}],"author":[{"embeddable":true,"href":"https:\/\/objectivefinancialpartners.com\/fr\/wp-json\/wp\/v2\/users\/16"}],"replies":[{"embeddable":true,"href":"https:\/\/objectivefinancialpartners.com\/fr\/wp-json\/wp\/v2\/comments?post=7977"}],"version-history":[{"count":0,"href":"https:\/\/objectivefinancialpartners.com\/fr\/wp-json\/wp\/v2\/pages\/7977\/revisions"}],"up":[{"embeddable":true,"href":"https:\/\/objectivefinancialpartners.com\/fr\/wp-json\/wp\/v2\/pages\/8003"}],"wp:attachment":[{"href":"https:\/\/objectivefinancialpartners.com\/fr\/wp-json\/wp\/v2\/media?parent=7977"}],"curies":[{"name":"wp","href":"https:\/\/api.w.org\/{rel}","templated":true}]}}